{"id":20,"date":"2025-03-28T16:05:29","date_gmt":"2025-03-28T19:05:29","guid":{"rendered":"https:\/\/innovacon.simplificandotuweb.com\/?page_id=20"},"modified":"2025-11-19T15:48:07","modified_gmt":"2025-11-19T14:48:07","slug":"declaracio-daccessibilitat","status":"publish","type":"page","link":"https:\/\/musikea.cat\/es\/declaracio-daccessibilitat\/","title":{"rendered":"Declaraci\u00f3n de accesibilidad"},"content":{"rendered":"<style>.elementor-20 .elementor-element.elementor-element-91f4791{--display:flex;--min-height:50vh;--flex-direction:column;--container-widget-width:100%;--container-widget-height:initial;--container-widget-flex-grow:0;--container-widget-align-self:initial;--flex-wrap-mobile:wrap;--justify-content:center;--overlay-opacity:0.7;--padding-top:10%;--padding-bottom:10%;--padding-left:5%;--padding-right:5%;}.elementor-20 .elementor-element.elementor-element-91f4791:not(.elementor-motion-effects-element-type-background), .elementor-20 .elementor-element.elementor-element-91f4791 > .elementor-motion-effects-container > .elementor-motion-effects-layer{background-color:var( --e-global-color-primary );}.elementor-20 .elementor-element.elementor-element-91f4791::before, .elementor-20 .elementor-element.elementor-element-91f4791 > .elementor-background-video-container::before, .elementor-20 .elementor-element.elementor-element-91f4791 > .e-con-inner > .elementor-background-video-container::before, .elementor-20 .elementor-element.elementor-element-91f4791 > .elementor-background-slideshow::before, .elementor-20 .elementor-element.elementor-element-91f4791 > .e-con-inner > .elementor-background-slideshow::before, .elementor-20 .elementor-element.elementor-element-91f4791 > .elementor-motion-effects-container > .elementor-motion-effects-layer::before{--background-overlay:'';background-color:var( --e-global-color-142bd1f );}.elementor-20 .elementor-element.elementor-element-2b76beb{text-align:center;}.elementor-20 .elementor-element.elementor-element-2b76beb .elementor-heading-title{font-family:var( --e-global-typography-add6508-font-family ), Sans-serif;font-size:var( --e-global-typography-add6508-font-size );font-weight:var( --e-global-typography-add6508-font-weight );text-transform:var( --e-global-typography-add6508-text-transform );line-height:var( --e-global-typography-add6508-line-height );letter-spacing:var( --e-global-typography-add6508-letter-spacing );word-spacing:var( --e-global-typography-add6508-word-spacing );color:var( --e-global-color-9f2940c );}.elementor-20 .elementor-element.elementor-element-be1e280 .elementor-icon-list-icon i{color:var( --e-global-color-accent );transition:color 0.3s;}.elementor-20 .elementor-element.elementor-element-be1e280 .elementor-icon-list-icon svg{fill:var( --e-global-color-accent );transition:fill 0.3s;}.elementor-20 .elementor-element.elementor-element-be1e280{--e-icon-list-icon-size:14px;--icon-vertical-offset:0px;}.elementor-20 .elementor-element.elementor-element-be1e280 .elementor-icon-list-item > .elementor-icon-list-text, .elementor-20 .elementor-element.elementor-element-be1e280 .elementor-icon-list-item > a{font-family:var( --e-global-typography-accent-font-family ), Sans-serif;font-size:var( --e-global-typography-accent-font-size );font-weight:var( --e-global-typography-accent-font-weight );text-transform:var( --e-global-typography-accent-text-transform );line-height:var( --e-global-typography-accent-line-height );}.elementor-20 .elementor-element.elementor-element-be1e280 .elementor-icon-list-text{color:var( --e-global-color-9f2940c );transition:color 0.3s;}.elementor-20 .elementor-element.elementor-element-58a93c82{--display:flex;--padding-top:10%;--padding-bottom:10%;--padding-left:5%;--padding-right:5%;}@media(max-width:1024px){.elementor-20 .elementor-element.elementor-element-91f4791{--padding-top:50px;--padding-bottom:0px;--padding-left:20px;--padding-right:20px;}.elementor-20 .elementor-element.elementor-element-2b76beb .elementor-heading-title{font-size:var( --e-global-typography-add6508-font-size );line-height:var( --e-global-typography-add6508-line-height );letter-spacing:var( --e-global-typography-add6508-letter-spacing );word-spacing:var( --e-global-typography-add6508-word-spacing );}.elementor-20 .elementor-element.elementor-element-be1e280 .elementor-icon-list-item > .elementor-icon-list-text, .elementor-20 .elementor-element.elementor-element-be1e280 .elementor-icon-list-item > a{font-size:var( --e-global-typography-accent-font-size );line-height:var( --e-global-typography-accent-line-height );}}@media(max-width:767px){.elementor-20 .elementor-element.elementor-element-91f4791{--min-height:65vh;--padding-top:10%;--padding-bottom:10%;--padding-left:5%;--padding-right:5%;}.elementor-20 .elementor-element.elementor-element-2b76beb .elementor-heading-title{font-size:var( --e-global-typography-add6508-font-size );line-height:var( --e-global-typography-add6508-line-height );letter-spacing:var( --e-global-typography-add6508-letter-spacing );word-spacing:var( --e-global-typography-add6508-word-spacing );}.elementor-20 .elementor-element.elementor-element-be1e280 .elementor-icon-list-item > .elementor-icon-list-text, .elementor-20 .elementor-element.elementor-element-be1e280 .elementor-icon-list-item > a{font-size:var( --e-global-typography-accent-font-size );line-height:var( --e-global-typography-accent-line-height );}}<\/style>\t\t<div data-elementor-type=\"wp-page\" data-elementor-id=\"20\" class=\"elementor elementor-20\" data-elementor-post-type=\"page\">\n\t\t\t\t<div class=\"elementor-element elementor-element-91f4791 e-flex e-con-boxed e-con e-parent\" data-id=\"91f4791\" data-element_type=\"container\" data-e-type=\"container\" data-settings=\"{&quot;background_background&quot;:&quot;classic&quot;}\">\n\t\t\t\t\t<div class=\"e-con-inner\">\n\t\t\t\t<div class=\"elementor-element elementor-element-2b76beb elementor-widget elementor-widget-heading\" data-id=\"2b76beb\" data-element_type=\"widget\" data-e-type=\"widget\" data-widget_type=\"heading.default\">\n\t\t\t\t<div class=\"elementor-widget-container\">\n\t\t\t\t\t<h1 class=\"elementor-heading-title elementor-size-default\">Declaraci\u00f3n de accesibilidad<\/h1>\t\t\t\t<\/div>\n\t\t\t\t<\/div>\n\t\t\t\t<div class=\"elementor-element elementor-element-be1e280 elementor-icon-list--layout-inline elementor-align-center elementor-list-item-link-full_width elementor-widget elementor-widget-icon-list\" data-id=\"be1e280\" data-element_type=\"widget\" data-e-type=\"widget\" data-widget_type=\"icon-list.default\">\n\t\t\t\t<div class=\"elementor-widget-container\">\n\t\t\t\t\t\t\t<ul class=\"elementor-icon-list-items elementor-inline-items\">\n\t\t\t\t\t\t\t<li class=\"elementor-icon-list-item elementor-inline-item\">\n\t\t\t\t\t\t\t\t\t\t\t<a href=\"https:\/\/musikea.cat\/es\/home\/\">\n\n\t\t\t\t\t\t\t\t\t\t\t<span class=\"elementor-icon-list-text\">Hombre<\/span>\n\t\t\t\t\t\t\t\t\t\t\t<\/a>\n\t\t\t\t\t\t\t\t\t<\/li>\n\t\t\t\t\t\t\t\t<li class=\"elementor-icon-list-item elementor-inline-item\">\n\t\t\t\t\t\t\t\t\t\t\t<a href=\"https:\/\/musikea.cat\/es\/declaracio-daccessibilitat\/\">\n\n\t\t\t\t\t\t\t\t\t\t\t\t<span class=\"elementor-icon-list-icon\">\n\t\t\t\t\t\t\t<svg aria-hidden=\"true\" class=\"e-font-icon-svg e-fas-chevron-right\" viewbox=\"0 0 320 512\" xmlns=\"http:\/\/www.w3.org\/2000\/svg\"><path d=\"M285.476 272.971L91.132 467.314c-9.373 9.373-24.569 9.373-33.941 0l-22.667-22.667c-9.357-9.357-9.375-24.522-.04-33.901L188.505 256 34.484 101.255c-9.335-9.379-9.317-24.544.04-33.901l22.667-22.667c9.373-9.373 24.569-9.373 33.941 0L285.475 239.03c9.373 9.372 9.373 24.568.001 33.941z\"><\/path><\/svg>\t\t\t\t\t\t<\/span>\n\t\t\t\t\t\t\t\t\t\t<span class=\"elementor-icon-list-text\">Declaraci\u00f3n de accesibilidad<\/span>\n\t\t\t\t\t\t\t\t\t\t\t<\/a>\n\t\t\t\t\t\t\t\t\t<\/li>\n\t\t\t\t\t\t<\/ul>\n\t\t\t\t\t\t<\/div>\n\t\t\t\t<\/div>\n\t\t\t\t\t<\/div>\n\t\t\t\t<\/div>\n\t\t<div class=\"elementor-element elementor-element-58a93c82 e-flex e-con-boxed e-con e-parent\" data-id=\"58a93c82\" data-element_type=\"container\" data-e-type=\"container\">\n\t\t\t\t\t<div class=\"e-con-inner\">\n\t\t\t\t<div class=\"elementor-element elementor-element-325a6a05 elementor-widget elementor-widget-text-editor\" data-id=\"325a6a05\" data-element_type=\"widget\" data-e-type=\"widget\" data-widget_type=\"text-editor.default\">\n\t\t\t\t<div class=\"elementor-widget-container\">\n\t\t\t\t\t\t\t\t\t\n<p><strong>CENTRAL ART PROCESS, SL<\/strong> ha comprom\u00e8s a fer accessible el seu lloc web, d\u2019acord amb el Reial decret 1112\/2018, de 7 de setembre, sobre accessibilitat dels llocs web i aplicacions per a dispositius m\u00f2bils del sector p\u00fablic. Aquesta declaraci\u00f3 d\u2019accessibilitat s\u2019aplica a aquest web.<\/p>\n\n<h2 class=\"wp-block-heading\">Situaci\u00f3 de compliment<\/h2>\n\n<p>Aquest lloc web est\u00e0 desenvolupat segons el RD 1112\/2018.<\/p>\n\n<h2 class=\"wp-block-heading\">Preparaci\u00f3 per a la seg\u00fcent declaraci\u00f3 d\u2019accessibilitat<\/h2>\n\n<p>Aquesta declaraci\u00f3 va ser preparada el 20 d\u2019abril de 2023. El m\u00e8tode emprat per preparar la declaraci\u00f3 ha estat una autoavaluaci\u00f3.<\/p>\n\n<h2 class=\"wp-block-heading\">Observacions i dades de contacte<\/h2>\n\n<p>Pot realitzar comunicacions sobre requisits d\u2019accessibilitat (article 10.2.a del RD 1112\/2018) com ara:<\/p>\n\n<ul class=\"wp-block-list\">\n<li>Informar sobre qualsevol possible incompliment per part d\u2019aquest lloc web.<\/li>\n\n<li>Transmetre altres dificultats d\u2019acc\u00e9s al contingut.<\/li>\n\n<li>Formular qualsevol altra consulta o suggeriment de millora relativa a l\u2019accessibilitat del lloc web a trav\u00e9s del formulari de contacte d\u2019aquest lloc web o a trav\u00e9s del n\u00famero de tel\u00e8fon.<\/li>\n<\/ul>\n\n<p>Pot presentar:<\/p>\n\n<ul class=\"wp-block-list\">\n<li>Queixa relativa al compliment dels requisits del RD 1112\/2018.<\/li>\n\n<li>Sol\u00b7licitud d\u2019informaci\u00f3 accessible relativa a:\n<ul class=\"wp-block-list\">\n<li>Continguts que estan exclosos de l\u2019\u00e0mbit d\u2019aplicaci\u00f3 del RD 1112\/2018 segons el que estableix l\u2019article 3, apartat 4.<\/li>\n\n<li>Continguts que estan exempts del compliment dels requisits d\u2019accessibilitat per imposar una c\u00e0rrega desproporcionada.<\/li>\n<\/ul>\n<\/li>\n<\/ul>\n\n<p>En la sol\u00b7licitud d\u2019informaci\u00f3 accessible, cal concretar, amb tota claredat, els fets, les raons i la petici\u00f3 que permetin constatar que es tracta d\u2019una sol\u00b7licitud raonable i leg\u00edtima.<\/p>\n\n<p>Les queixes i reclamacions sobre informaci\u00f3 accessible es realitzaran a trav\u00e9s de la seu electr\u00f2nica (<a href=\"https:\/\/sede.red.gob.es\/procedimientos\/quejas-y-sugerencias\"><strong>https:\/\/sede.red.gob.es\/procedimientos\/quejas-y-sugerencias<\/strong><\/a>) i seran rebudes i tractades per l\u2019\u00e0rea de Sistemes de la Informaci\u00f3 de Red.es.<\/p>\n\n<h2 class=\"wp-block-heading\">Contingut opcional<\/h2>\n\n<p>Si desitja canviar la mida de la lletra del text en els principals navegadors gr\u00e0fics, utilitzi els seg\u00fcents men\u00fas:<\/p>\n\n<ul class=\"wp-block-list\">\n<li><strong>Safari<\/strong>: Visualitzaci\u00f3 &gt; Fer el text m\u00e9s gran<\/li>\n\n<li><strong>Chrome<\/strong>: Controla la p\u00e0gina actual &gt; Mida del text<\/li>\n<\/ul>\n\n<p>Per modificar la mida de tot en la p\u00e0gina:<\/p>\n\n<ul class=\"wp-block-list\">\n<li><strong>Ctrl++<\/strong>\u00a0per augmentar-lo<\/li>\n\n<li><strong>Ctrl + \u2013<\/strong>\u00a0per disminuir-lo<\/li>\n\n<li><strong>Ctrl + 0<\/strong>\u00a0restaura la mida original del text<\/li>\n<\/ul>\n\n<p>Si el que desitja \u00e9s anul\u00b7lar la fulla d\u2019estils o modificar el color del text, pot consultar la p\u00e0gina\u00a0<em>How to Change Text Size o Colors<\/em>\u00a0de la WAI, que es pot llegir tradu\u00efda al castell\u00e0 a\u00a0<em>Com canviar la mida del text o colors?<\/em><\/p>\n\t\t\t\t\t\t\t\t<\/div>\n\t\t\t\t<\/div>\n\t\t\t\t\t<\/div>\n\t\t\t\t<\/div>\n\t\t\t\t<\/div>","protected":false},"excerpt":{"rendered":"<p>Home ha comprom\u00e8s a fer accessible el seu lloc web, d\u2019acord amb el Reial decret 1112\/2018, de 7 de setembre, sobre accessibilitat dels llocs web i aplicacions per a dispositius m\u00f2bils del sector p\u00fablic. Aquesta declaraci\u00f3 d\u2019accessibilitat s\u2019aplica a aquest web. Situaci\u00f3 de compliment Aquest lloc web est\u00e0 desenvolupat segons el RD 1112\/2018. Preparaci\u00f3 per [&hellip;]<\/p>\n","protected":false},"author":1,"featured_media":0,"parent":0,"menu_order":0,"comment_status":"closed","ping_status":"closed","template":"","meta":{"footnotes":""},"class_list":["post-20","page","type-page","status-publish","hentry"],"yoast_head":"<!-- This site is optimized with the Yoast SEO plugin v27.0 - https:\/\/yoast.com\/product\/yoast-seo-wordpress\/ -->\n<title>Declaraci\u00f3 d\u2019accessibilitat - Musikea<\/title>\n<meta name=\"robots\" content=\"index, follow, max-snippet:-1, max-image-preview:large, max-video-preview:-1\" \/>\n<link rel=\"canonical\" href=\"https:\/\/musikea.cat\/es\/declaracio-daccessibilitat\/\" \/>\n<meta property=\"og:locale\" content=\"es_ES\" \/>\n<meta property=\"og:type\" content=\"article\" \/>\n<meta property=\"og:title\" content=\"Declaraci\u00f3 d\u2019accessibilitat - Musikea\" \/>\n<meta property=\"og:description\" content=\"Home ha comprom\u00e8s a fer accessible el seu lloc web, d\u2019acord amb el Reial decret 1112\/2018, de 7 de setembre, sobre accessibilitat dels llocs web i aplicacions per a dispositius m\u00f2bils del sector p\u00fablic. Aquesta declaraci\u00f3 d\u2019accessibilitat s\u2019aplica a aquest web. Situaci\u00f3 de compliment Aquest lloc web est\u00e0 desenvolupat segons el RD 1112\/2018. Preparaci\u00f3 per [&hellip;]\" \/>\n<meta property=\"og:url\" content=\"https:\/\/musikea.cat\/es\/declaracio-daccessibilitat\/\" \/>\n<meta property=\"og:site_name\" content=\"Musikea\" \/>\n<meta property=\"article:modified_time\" content=\"2025-11-19T14:48:07+00:00\" \/>\n<meta name=\"twitter:card\" content=\"summary_large_image\" \/>\n<meta name=\"twitter:label1\" content=\"Tiempo de lectura\" \/>\n\t<meta name=\"twitter:data1\" content=\"2 minutos\" \/>\n<script type=\"application\/ld+json\" class=\"yoast-schema-graph\">{\"@context\":\"https:\/\/schema.org\",\"@graph\":[{\"@type\":\"WebPage\",\"@id\":\"https:\/\/musikea.cat\/declaracio-daccessibilitat\/\",\"url\":\"https:\/\/musikea.cat\/declaracio-daccessibilitat\/\",\"name\":\"Declaraci\u00f3 d\u2019accessibilitat - Musikea\",\"isPartOf\":{\"@id\":\"https:\/\/musikea.cat\/#website\"},\"datePublished\":\"2025-03-28T19:05:29+00:00\",\"dateModified\":\"2025-11-19T14:48:07+00:00\",\"breadcrumb\":{\"@id\":\"https:\/\/musikea.cat\/declaracio-daccessibilitat\/#breadcrumb\"},\"inLanguage\":\"es\",\"potentialAction\":[{\"@type\":\"ReadAction\",\"target\":[\"https:\/\/musikea.cat\/declaracio-daccessibilitat\/\"]}]},{\"@type\":\"BreadcrumbList\",\"@id\":\"https:\/\/musikea.cat\/declaracio-daccessibilitat\/#breadcrumb\",\"itemListElement\":[{\"@type\":\"ListItem\",\"position\":1,\"name\":\"Portada\",\"item\":\"https:\/\/musikea.cat\/\"},{\"@type\":\"ListItem\",\"position\":2,\"name\":\"Declaraci\u00f3 d\u2019accessibilitat\"}]},{\"@type\":\"WebSite\",\"@id\":\"https:\/\/musikea.cat\/#website\",\"url\":\"https:\/\/musikea.cat\/\",\"name\":\"Musikea\",\"description\":\"Lloguer de vehicles amb conductor per a artistes i gires musicals\",\"potentialAction\":[{\"@type\":\"SearchAction\",\"target\":{\"@type\":\"EntryPoint\",\"urlTemplate\":\"https:\/\/musikea.cat\/?s={search_term_string}\"},\"query-input\":{\"@type\":\"PropertyValueSpecification\",\"valueRequired\":true,\"valueName\":\"search_term_string\"}}],\"inLanguage\":\"es\"}]}<\/script>\n<!-- \/ Yoast SEO plugin. -->","yoast_head_json":{"title":"Declaraci\u00f3 d\u2019accessibilitat - Musikea","robots":{"index":"index","follow":"follow","max-snippet":"max-snippet:-1","max-image-preview":"max-image-preview:large","max-video-preview":"max-video-preview:-1"},"canonical":"https:\/\/musikea.cat\/es\/declaracio-daccessibilitat\/","og_locale":"es_ES","og_type":"article","og_title":"Declaraci\u00f3 d\u2019accessibilitat - Musikea","og_description":"Home ha comprom\u00e8s a fer accessible el seu lloc web, d\u2019acord amb el Reial decret 1112\/2018, de 7 de setembre, sobre accessibilitat dels llocs web i aplicacions per a dispositius m\u00f2bils del sector p\u00fablic. Aquesta declaraci\u00f3 d\u2019accessibilitat s\u2019aplica a aquest web. Situaci\u00f3 de compliment Aquest lloc web est\u00e0 desenvolupat segons el RD 1112\/2018. Preparaci\u00f3 per [&hellip;]","og_url":"https:\/\/musikea.cat\/es\/declaracio-daccessibilitat\/","og_site_name":"Musikea","article_modified_time":"2025-11-19T14:48:07+00:00","twitter_card":"summary_large_image","twitter_misc":{"Tiempo de lectura":"2 minutos"},"schema":{"@context":"https:\/\/schema.org","@graph":[{"@type":"WebPage","@id":"https:\/\/musikea.cat\/declaracio-daccessibilitat\/","url":"https:\/\/musikea.cat\/declaracio-daccessibilitat\/","name":"Declaraci\u00f3 d\u2019accessibilitat - Musikea","isPartOf":{"@id":"https:\/\/musikea.cat\/#website"},"datePublished":"2025-03-28T19:05:29+00:00","dateModified":"2025-11-19T14:48:07+00:00","breadcrumb":{"@id":"https:\/\/musikea.cat\/declaracio-daccessibilitat\/#breadcrumb"},"inLanguage":"es","potentialAction":[{"@type":"ReadAction","target":["https:\/\/musikea.cat\/declaracio-daccessibilitat\/"]}]},{"@type":"BreadcrumbList","@id":"https:\/\/musikea.cat\/declaracio-daccessibilitat\/#breadcrumb","itemListElement":[{"@type":"ListItem","position":1,"name":"Portada","item":"https:\/\/musikea.cat\/"},{"@type":"ListItem","position":2,"name":"Declaraci\u00f3 d\u2019accessibilitat"}]},{"@type":"WebSite","@id":"https:\/\/musikea.cat\/#website","url":"https:\/\/musikea.cat\/","name":"Musikea","description":"Lloguer de vehicles amb conductor per a artistes i gires musicals","potentialAction":[{"@type":"SearchAction","target":{"@type":"EntryPoint","urlTemplate":"https:\/\/musikea.cat\/?s={search_term_string}"},"query-input":{"@type":"PropertyValueSpecification","valueRequired":true,"valueName":"search_term_string"}}],"inLanguage":"es"}]}},"_links":{"self":[{"href":"https:\/\/musikea.cat\/es\/wp-json\/wp\/v2\/pages\/20","targetHints":{"allow":["GET"]}}],"collection":[{"href":"https:\/\/musikea.cat\/es\/wp-json\/wp\/v2\/pages"}],"about":[{"href":"https:\/\/musikea.cat\/es\/wp-json\/wp\/v2\/types\/page"}],"author":[{"embeddable":true,"href":"https:\/\/musikea.cat\/es\/wp-json\/wp\/v2\/users\/1"}],"replies":[{"embeddable":true,"href":"https:\/\/musikea.cat\/es\/wp-json\/wp\/v2\/comments?post=20"}],"version-history":[{"count":20,"href":"https:\/\/musikea.cat\/es\/wp-json\/wp\/v2\/pages\/20\/revisions"}],"predecessor-version":[{"id":1263,"href":"https:\/\/musikea.cat\/es\/wp-json\/wp\/v2\/pages\/20\/revisions\/1263"}],"wp:attachment":[{"href":"https:\/\/musikea.cat\/es\/wp-json\/wp\/v2\/media?parent=20"}],"curies":[{"name":"wp","href":"https:\/\/api.w.org\/{rel}","templated":true}]}}